{"id":1484,"date":"2017-04-10T15:20:44","date_gmt":"2017-04-10T13:20:44","guid":{"rendered":"http:\/\/beethoven.org.pl\/artysci\/?page_id=1484"},"modified":"2017-04-11T10:53:11","modified_gmt":"2017-04-11T08:53:11","slug":"leopoldo-lo-sciuto","status":"publish","type":"page","link":"https:\/\/beethoven.org.pl\/artysci\/leopoldo-lo-sciuto\/","title":{"rendered":"Leopoldo Lo Sciuto"},"content":{"rendered":"<p><strong>Leopoldo Lo Sciuto<\/strong>, tenor, edukacj\u0119 muzyczn\u0105 rozpocz\u0105\u0142 na Wydziale Sztuki, Muzyki i Teatru w Bolonii, kt\u00f3ry uko\u0144czy\u0142, specjalizuj\u0105c si\u0119 w historii XIX-wiecznej opery w\u0142oskiej. Jednocze\u015bnie podj\u0105\u0142 studia z zakresu \u015bpiewu operowego u Maestro Vittorio Terranovy i Franco Corellego.<\/p>\n<p>Zadebiutowa\u0142 w 1998 roku w Teatrze Politeama w Palermo, odtwarzaj\u0105c g\u0142\u00f3wn\u0105 parti\u0119 w operze <em>Pierre<\/em> <em>Gringoire<\/em> Antonia Scontrino. Nast\u0119pnie wcieli\u0142 si\u0119 w rol\u0119 Alfreda w <em>Traviacie<\/em> w Teatrze Narodowym w Pradze oraz Kapitana MacHeatha w <em>Operze \u017cebraczej<\/em> Brittena w Teatrze Coccia w Novarze. \u015apiewa\u0142 tak\u017ce parti\u0119 Cania (<em>Pajace<\/em>) w Teatro Comunale w Bolonii i Flavia (<em>Norma<\/em>) w Sferisterio w Maceracie.<\/p>\n<p>W listopadzie 2000 roku wyst\u0105pi\u0142 w operze <em>Dwaj Foskariusze <\/em>Verdiego w Teatrze San Carlo w Neapolu; to wykonanie ukaza\u0142o si\u0119 nast\u0119pnie na DVD. T\u0119 sam\u0105 oper\u0119 \u015bpiewa\u0142 w Teatrze Operowym w Rzymie oraz w Operze Monte Carlo, a w styczniu 2001 roku tak\u017ce w Akademii Muzycznej im. Franciszka Liszta w Budapeszcie, podczas otwarcia obchod\u00f3w 100. rocznicy \u015bmierci Verdiego.<\/p>\n<p>Nast\u0119pnie debiutowa\u0142 w g\u0142\u00f3wnych partiach w takich operach jak <em>Carmen<\/em>, <em>Norma<\/em>, <em>Bal maskowy<\/em>, <em>Don Carlos<\/em>, <em>Nabucco<\/em>, <em>Rycersko\u015b\u0107 wie\u015bniacza<\/em>, <em>Aida<\/em>, <em>Manon Lescaut<\/em> i <em>Trubadur<\/em>.<\/p>\n<p>Obecnie doskonali technik\u0119 pod okiem tenora Nicoli Martinucciego w Mediolanie.<\/p>","protected":false},"excerpt":{"rendered":"<p>Leopoldo Lo Sciuto, tenor, edukacj\u0119 muzyczn\u0105 rozpocz\u0105\u0142 na Wydziale Sztuki, Muzyki i Teatru w Bolonii, kt\u00f3ry uko\u0144czy\u0142, specjalizuj\u0105c si\u0119 w historii XIX-wiecznej opery w\u0142oskiej. Jednocze\u015bnie podj\u0105\u0142 studia z zakresu \u015bpiewu operowego u Maestro Vittorio Terranovy i Franco Corellego. Zadebiutowa\u0142 w 1998 roku w Teatrze Politeama w Palermo, odtwarzaj\u0105c g\u0142\u00f3wn\u0105 parti\u0119 w operze Pierre Gringoire Antonia [&hellip;]<\/p>\n","protected":false},"author":6,"featured_media":0,"parent":0,"menu_order":112,"comment_status":"closed","ping_status":"closed","template":"template-artist.php","meta":{"footnotes":""},"categories":[],"class_list":["post-1484","page","type-page","status-publish","hentry"],"_links":{"self":[{"href":"https:\/\/beethoven.org.pl\/artysci\/wp-json\/wp\/v2\/pages\/1484","targetHints":{"allow":["GET"]}}],"collection":[{"href":"https:\/\/beethoven.org.pl\/artysci\/wp-json\/wp\/v2\/pages"}],"about":[{"href":"https:\/\/beethoven.org.pl\/artysci\/wp-json\/wp\/v2\/types\/page"}],"author":[{"embeddable":true,"href":"https:\/\/beethoven.org.pl\/artysci\/wp-json\/wp\/v2\/users\/6"}],"replies":[{"embeddable":true,"href":"https:\/\/beethoven.org.pl\/artysci\/wp-json\/wp\/v2\/comments?post=1484"}],"version-history":[{"count":1,"href":"https:\/\/beethoven.org.pl\/artysci\/wp-json\/wp\/v2\/pages\/1484\/revisions"}],"predecessor-version":[{"id":1486,"href":"https:\/\/beethoven.org.pl\/artysci\/wp-json\/wp\/v2\/pages\/1484\/revisions\/1486"}],"wp:attachment":[{"href":"https:\/\/beethoven.org.pl\/artysci\/wp-json\/wp\/v2\/media?parent=1484"}],"wp:term":[{"taxonomy":"category","embeddable":true,"href":"https:\/\/beethoven.org.pl\/artysci\/wp-json\/wp\/v2\/categories?post=1484"}],"curies":[{"name":"wp","href":"https:\/\/api.w.org\/{rel}","templated":true}]}}