{"id":1482,"date":"2017-04-10T15:16:29","date_gmt":"2017-04-10T13:16:29","guid":{"rendered":"http:\/\/beethoven.org.pl\/artysci\/?page_id=1482"},"modified":"2017-04-11T10:52:04","modified_gmt":"2017-04-11T08:52:04","slug":"wojciech-pszoniak","status":"publish","type":"page","link":"https:\/\/beethoven.org.pl\/artysci\/wojciech-pszoniak\/","title":{"rendered":"Wojciech Pszoniak"},"content":{"rendered":"<p>Wybitny polski aktor teatralny i filmowy.<\/p>\n<p>Urodzi\u0142 si\u0119 we Lwowie, gdzie sp\u0119dzi\u0142 pierwsze dwa lata \u017cycia. Dorasta\u0142 w Gliwicach. W m\u0142odo\u015bci gra\u0142 na skrzypcach i klarnecie, w liceum muzycznym w Bytomiu uczy\u0142 si\u0119 gry na oboju. W 1968 uko\u0144czy\u0142 studia na PWST w Krakowie.<\/p>\n<p>Wyst\u0119powa\u0142 na scenach Starego Teatru w Krakowie oraz teatr\u00f3w warszawskich: Narodowego i Powszechnego. W latach 70. ubieg\u0142ego wieku wyst\u0119powa\u0142 w kabarecie \u201ePod Egid\u0105\u201d. Od ko\u0144ca lat 70. gra w teatrach francuskich, a w latach 80. wyjecha\u0142 na sta\u0142e do Pary\u017ca. Od lat 90. grywa zar\u00f3wno w teatrach europejskich, jak i w polskich. Wyk\u0142ada w\u00a0Akademii Teatralnej w Warszawie.<\/p>\n<p>Zagra\u0142 w wielu filmach polskich i zagranicznych, m.in. u Andrzeja Wajdy w Pi\u0142acie i innych, Weselu, Ziemi obiecanej, Dantonie i Korczaku, w Szpitalu Przemienienia Edwarda \u017bebrowskiego i Austerii Jerzego Kawalerowicza, a tak\u017ce w Lata jak sandwicze w re\u017c. Pierra Boutrona, Czerwonej Wenecji Etienne\u2019a P\u00e9riera, \u015apiewaj\u0105cych jutrach Jacques\u2019a Fanstena i w wielu innych.<\/p>","protected":false},"excerpt":{"rendered":"<p>Wybitny polski aktor teatralny i filmowy. Urodzi\u0142 si\u0119 we Lwowie, gdzie sp\u0119dzi\u0142 pierwsze dwa lata \u017cycia. Dorasta\u0142 w Gliwicach. W m\u0142odo\u015bci gra\u0142 na skrzypcach i klarnecie, w liceum muzycznym w Bytomiu uczy\u0142 si\u0119 gry na oboju. W 1968 uko\u0144czy\u0142 studia na PWST w Krakowie. Wyst\u0119powa\u0142 na scenach Starego Teatru w Krakowie oraz teatr\u00f3w warszawskich: Narodowego [&hellip;]<\/p>\n","protected":false},"author":6,"featured_media":0,"parent":0,"menu_order":113,"comment_status":"closed","ping_status":"closed","template":"template-artist.php","meta":{"footnotes":""},"categories":[],"class_list":["post-1482","page","type-page","status-publish","hentry"],"_links":{"self":[{"href":"https:\/\/beethoven.org.pl\/artysci\/wp-json\/wp\/v2\/pages\/1482","targetHints":{"allow":["GET"]}}],"collection":[{"href":"https:\/\/beethoven.org.pl\/artysci\/wp-json\/wp\/v2\/pages"}],"about":[{"href":"https:\/\/beethoven.org.pl\/artysci\/wp-json\/wp\/v2\/types\/page"}],"author":[{"embeddable":true,"href":"https:\/\/beethoven.org.pl\/artysci\/wp-json\/wp\/v2\/users\/6"}],"replies":[{"embeddable":true,"href":"https:\/\/beethoven.org.pl\/artysci\/wp-json\/wp\/v2\/comments?post=1482"}],"version-history":[{"count":1,"href":"https:\/\/beethoven.org.pl\/artysci\/wp-json\/wp\/v2\/pages\/1482\/revisions"}],"predecessor-version":[{"id":1483,"href":"https:\/\/beethoven.org.pl\/artysci\/wp-json\/wp\/v2\/pages\/1482\/revisions\/1483"}],"wp:attachment":[{"href":"https:\/\/beethoven.org.pl\/artysci\/wp-json\/wp\/v2\/media?parent=1482"}],"wp:term":[{"taxonomy":"category","embeddable":true,"href":"https:\/\/beethoven.org.pl\/artysci\/wp-json\/wp\/v2\/categories?post=1482"}],"curies":[{"name":"wp","href":"https:\/\/api.w.org\/{rel}","templated":true}]}}