{"id":1467,"date":"2017-04-10T14:48:30","date_gmt":"2017-04-10T12:48:30","guid":{"rendered":"http:\/\/beethoven.org.pl\/artysci\/?page_id=1467"},"modified":"2017-04-11T10:37:39","modified_gmt":"2017-04-11T08:37:39","slug":"patrycja-piekutowska-2","status":"publish","type":"page","link":"https:\/\/beethoven.org.pl\/artysci\/patrycja-piekutowska-2\/","title":{"rendered":"Patrycja Piekutowska"},"content":{"rendered":"<p><strong>Patrycja Piekutowska<\/strong> jest wybitn\u0105 skrzypaczk\u0105, kt\u00f3ra w tym roku obchodzi 20-lecie swojej kariery artystycznej. W dotychczasowej karierze zagra\u0142a ponad 800 koncert\u00f3w w 36 krajach \u015bwiata w Europie, Azji, Ameryce P\u00f3\u0142nocnej i Po\u0142udniowej oraz w Afryce. Wyst\u0119powa\u0142a w tak presti\u017cowych salach koncertowych jak: Teatro Col\u00f3n w Buenos Aires, Sala S\u00e3o Paulo oraz Teatro Gua\u00edra w Brazylii, Lincoln Center i Carnegie Hall w Nowym Jorku, National Center for the Performing Arts w Pekinie, Tianjin Grand Theater, a tak\u017ce w\u00a0filharmoniach w Santiago de Chile, Montevideo, Pekinie, Hamburgu, Belgradzie i wielu innych. Jest doktorem habilitowanym sztuk muzycznych.<\/p>\n<p>Istotny nurt dzia\u0142alno\u015bci artystki stanowi fonografia. Nagra\u0142a 12 p\u0142yt CD, z czego osiem po\u015bwi\u0119conych muzyce polskiej g\u0142\u00f3wnie XX wieku. Za nagranie <em>Capricci<\/em><em>a<\/em> Krzysztofa Pendereckiego pod batut\u0105 kompozytora otrzyma\u0142a nagrod\u0119 p\u0142ytow\u0105 MIDEM Classical Award oraz nagrody w Belgii, Hiszpanii, Luksemburgu i we W\u0142oszech. W 2014 roku jubileusz 15-lecia obecno\u015bci na rynku fonograficznym artystka uczci\u0142a wydaniem dziesi\u0105tej p\u0142yty, tym razem z sonatami Brahmsa i Francka.<\/p>\n<p>W ostatnich dwunastu latach wykona\u0142a blisko 80 razy recital sk\u0142adaj\u0105cy si\u0119 z kompletu dzie\u0142 na skrzypce i fortepian Krzysztofa Pendereckiego. Posiada w repertuarze recital na skrzypce solo \u201eOd Bacha do Pendereckiego\u201d promuj\u0105cy g\u0142\u00f3wnie polsk\u0105 muzyk\u0119 wsp\u00f3\u0142czesn\u0105.<\/p>\n<p>W 2016 roku ukaza\u0142y si\u0119 dwie nowe p\u0142yty artystki, ponowne nagranie <em>Capriccia<\/em> pod batut\u0105 Krzysztofa Pendereckiego z Sinfoni\u0105 Iuventus\u00a0 w ramach serii \u201ePenderecki Special Edition\u201d oraz \u015bwiatowe prawykonanie dedykowanego jej przez Dariusza Przybylskiego utworu <em>Musica in forma di rosa<\/em> nagranego z NOSPR.<\/p>\n<p>W 2014 roku otrzyma\u0142a od Fundacji God\u0142a \u201eTeraz Polska\u201d dyplom Lidera Przysz\u0142o\u015bci oraz medal Ministra Kultury i Dziedzictwa Narodowego Gloria Artis.<\/p>\n<p>Patrycja Piekutowska gra na skrzypcach Paolo Castello z 1766 roku.<\/p>","protected":false},"excerpt":{"rendered":"<p>Patrycja Piekutowska jest wybitn\u0105 skrzypaczk\u0105, kt\u00f3ra w tym roku obchodzi 20-lecie swojej kariery artystycznej. W dotychczasowej karierze zagra\u0142a ponad 800 koncert\u00f3w w 36 krajach \u015bwiata w Europie, Azji, Ameryce P\u00f3\u0142nocnej i Po\u0142udniowej oraz w Afryce. Wyst\u0119powa\u0142a w tak presti\u017cowych salach koncertowych jak: Teatro Col\u00f3n w Buenos Aires, Sala S\u00e3o Paulo oraz Teatro Gua\u00edra w Brazylii, [&hellip;]<\/p>\n","protected":false},"author":6,"featured_media":0,"parent":0,"menu_order":118,"comment_status":"closed","ping_status":"closed","template":"template-artist.php","meta":{"footnotes":""},"categories":[],"class_list":["post-1467","page","type-page","status-publish","hentry"],"_links":{"self":[{"href":"https:\/\/beethoven.org.pl\/artysci\/wp-json\/wp\/v2\/pages\/1467","targetHints":{"allow":["GET"]}}],"collection":[{"href":"https:\/\/beethoven.org.pl\/artysci\/wp-json\/wp\/v2\/pages"}],"about":[{"href":"https:\/\/beethoven.org.pl\/artysci\/wp-json\/wp\/v2\/types\/page"}],"author":[{"embeddable":true,"href":"https:\/\/beethoven.org.pl\/artysci\/wp-json\/wp\/v2\/users\/6"}],"replies":[{"embeddable":true,"href":"https:\/\/beethoven.org.pl\/artysci\/wp-json\/wp\/v2\/comments?post=1467"}],"version-history":[{"count":1,"href":"https:\/\/beethoven.org.pl\/artysci\/wp-json\/wp\/v2\/pages\/1467\/revisions"}],"predecessor-version":[{"id":1469,"href":"https:\/\/beethoven.org.pl\/artysci\/wp-json\/wp\/v2\/pages\/1467\/revisions\/1469"}],"wp:attachment":[{"href":"https:\/\/beethoven.org.pl\/artysci\/wp-json\/wp\/v2\/media?parent=1467"}],"wp:term":[{"taxonomy":"category","embeddable":true,"href":"https:\/\/beethoven.org.pl\/artysci\/wp-json\/wp\/v2\/categories?post=1467"}],"curies":[{"name":"wp","href":"https:\/\/api.w.org\/{rel}","templated":true}]}}