{"id":1463,"date":"2017-04-10T14:10:20","date_gmt":"2017-04-10T12:10:20","guid":{"rendered":"http:\/\/beethoven.org.pl\/artysci\/?page_id=1463"},"modified":"2017-04-11T10:37:32","modified_gmt":"2017-04-11T08:37:32","slug":"marlis-petersen","status":"publish","type":"page","link":"https:\/\/beethoven.org.pl\/artysci\/marlis-petersen\/","title":{"rendered":"Marlis Petersen"},"content":{"rendered":"<p><strong>Marlis Petersen<\/strong>. Repertuar sopranistki Marlis Petersen obejmuje klasyczne partie koloraturowe, a tak\u017ce muzyk\u0119 wsp\u00f3\u0142czesn\u0105. Studiowa\u0142a \u015bpiew operowy, muzyk\u0119 now\u0105 i taniec w Konserwatorium w Stuttgarcie. Zadebiutowa\u0142a w Pa\u0144stwowej Operze Wiede\u0144skiej jako Lulu. Parti\u0119 t\u0119 \u015bpiewa\u0142a tak\u017ce w s\u0142ynnej inscenizacji Konwitschnego w Hamburgu, Monachium oraz w Metropolitan Opera w Nowym Jorku, gdzie odnios\u0142a wielki sukces, \u017cegnaj\u0105c si\u0119 z rol\u0105. Wyst\u0119powa\u0142a z ogromnym powodzeniem w teatrach operowych w Londynie, Genewie, Pary\u017cu, Nowym Jorku (Met) i Chicago, a tak\u017ce podczas festiwali w Salzburgu i Aix-en-Provence. Mo\u017cna j\u0105 by\u0142o tak\u017ce us\u0142ysze\u0107 w \u015bwiatowej premierze <em>Fedry<\/em> Henzego, <em>La Grande Magia<\/em> Manfreda Trojahna, a tak\u017ce w tytu\u0142owej roli w <em>Medei<\/em> Ariberta Reimanna w Pa\u0144stwowej Operze Wiede\u0144skiej. Do innych wa\u017cnych osi\u0105gni\u0119\u0107 artystki nale\u017cy debiut w <em>Traviacie<\/em> w Grazu, partia Ma\u0142gorzaty w <em>Hugenotach<\/em> Meyerbeera w Brukseli, a tak\u017ce Olimpii\/Antonii\/Giulietty w <em>Opowie\u015bciach Hoffmanna<\/em> w Theater an der Wien.<\/p>\n<p>W repertuarze symfonicznym wsp\u00f3\u0142pracowa\u0142a z Helmuthem Rillingiem oraz Mi\u0119dzynarodow\u0105 Akademi\u0105 Bachowsk\u0105 w Stuttgarcie, a tak\u017ce z Ren\u00e9 Jacobsem. Do ostatnich sukces\u00f3w sopranistki nale\u017cy g\u0142\u00f3wna rola w\u00a0\u015bwiatowej premierze <em>Hamleta<\/em> Schreiera w Theater an der Wien oraz debiut jako Manon w Pa\u0144stwowej Operze Wiede\u0144skiej.<\/p>","protected":false},"excerpt":{"rendered":"<p>Marlis Petersen. Repertuar sopranistki Marlis Petersen obejmuje klasyczne partie koloraturowe, a tak\u017ce muzyk\u0119 wsp\u00f3\u0142czesn\u0105. Studiowa\u0142a \u015bpiew operowy, muzyk\u0119 now\u0105 i taniec w Konserwatorium w Stuttgarcie. Zadebiutowa\u0142a w Pa\u0144stwowej Operze Wiede\u0144skiej jako Lulu. Parti\u0119 t\u0119 \u015bpiewa\u0142a tak\u017ce w s\u0142ynnej inscenizacji Konwitschnego w Hamburgu, Monachium oraz w Metropolitan Opera w Nowym Jorku, gdzie odnios\u0142a wielki sukces, \u017cegnaj\u0105c [&hellip;]<\/p>\n","protected":false},"author":6,"featured_media":0,"parent":0,"menu_order":119,"comment_status":"closed","ping_status":"closed","template":"template-artist.php","meta":{"footnotes":""},"categories":[],"class_list":["post-1463","page","type-page","status-publish","hentry"],"_links":{"self":[{"href":"https:\/\/beethoven.org.pl\/artysci\/wp-json\/wp\/v2\/pages\/1463","targetHints":{"allow":["GET"]}}],"collection":[{"href":"https:\/\/beethoven.org.pl\/artysci\/wp-json\/wp\/v2\/pages"}],"about":[{"href":"https:\/\/beethoven.org.pl\/artysci\/wp-json\/wp\/v2\/types\/page"}],"author":[{"embeddable":true,"href":"https:\/\/beethoven.org.pl\/artysci\/wp-json\/wp\/v2\/users\/6"}],"replies":[{"embeddable":true,"href":"https:\/\/beethoven.org.pl\/artysci\/wp-json\/wp\/v2\/comments?post=1463"}],"version-history":[{"count":1,"href":"https:\/\/beethoven.org.pl\/artysci\/wp-json\/wp\/v2\/pages\/1463\/revisions"}],"predecessor-version":[{"id":1466,"href":"https:\/\/beethoven.org.pl\/artysci\/wp-json\/wp\/v2\/pages\/1463\/revisions\/1466"}],"wp:attachment":[{"href":"https:\/\/beethoven.org.pl\/artysci\/wp-json\/wp\/v2\/media?parent=1463"}],"wp:term":[{"taxonomy":"category","embeddable":true,"href":"https:\/\/beethoven.org.pl\/artysci\/wp-json\/wp\/v2\/categories?post=1463"}],"curies":[{"name":"wp","href":"https:\/\/api.w.org\/{rel}","templated":true}]}}