{"id":1442,"date":"2017-04-10T13:13:42","date_gmt":"2017-04-10T11:13:42","guid":{"rendered":"http:\/\/beethoven.org.pl\/artysci\/?page_id=1442"},"modified":"2017-04-11T10:35:39","modified_gmt":"2017-04-11T08:35:39","slug":"orkiestra-filharmonii-poznanskiej","status":"publish","type":"page","link":"https:\/\/beethoven.org.pl\/artysci\/orkiestra-filharmonii-poznanskiej\/","title":{"rendered":"Orkiestra Filharmonii Pozna\u0144skiej"},"content":{"rendered":"<p><strong>Orkiestra Filharmonii Pozna\u0144skiej<\/strong> nale\u017cy do grona najbardziej znanych i cenionych polskich orkiestr symfonicznych. Wyst\u0119puje w najwa\u017cniejszych o\u015brodkach muzycznych w kraju i poza jego granicami. Zesp\u00f3\u0142 koncertowa\u0142 prawie we wszystkich krajach Europy. Uczestniczy\u0142 w wielu znacz\u0105cych mi\u0119dzynarodowych festiwalach muzycznych (m.in. w Wielkanocnym Festiwalu Ludwiga van Beethovena, Wratislavia Cantans czy Bergen Festival). Od 1952 roku towarzyszy finalistom Mi\u0119dzynarodowego Konkursu Skrzypcowego im.\u00a0Henryka Wieniawskiego w Poznaniu. Jest tak\u017ce podstawowym zespo\u0142em symfonicznym festiwalu Pozna\u0144ska Wiosna Muzyczna, cz\u0119sto uczestniczy w prawykonaniach utwor\u00f3w wsp\u00f3\u0142czesnych kompozytor\u00f3w polskich i zagranicznych.<\/p>\n<p>Z zespo\u0142em wyst\u0119powali \u015bwiatowej s\u0142awy dyrygenci, m.in.: Christopher Hogwood, Andrzej Borejko, Reinhard Goebel, Zden\u011bk M\u00e1cal, Sir Neville Marriner, Paul McCreesh, Stanis\u0142aw Skrowaczewski czy Carlo Zecchi oraz soli\u015bci, m.in. Martha Argerich, Piotr Becza\u0142a, Rafa\u0142 Blechacz, Helen Donath, Jean Fournier, Ida Haendel, Philippe Jaroussky, Sumi Jo, Konstanty Andrzej Kulka, Aleksandra Kurzak, Witold Ma\u0142cu\u017cy\u0144ski, Garrick Ohlsson, Dawid i Igor Ojstrachowie, Gerhard Oppitz, Ewa Podle\u015b, Maurizio Pollini, Samuel Ramey, Vadim Repin, \u015awiatos\u0142aw Richter, M\u015bcis\u0142aw Rostropowicz, Artur Rubinstein, Maxim Vengerov, Wanda Wi\u0142komirska, Krystian Zimerman, Nikolaj Znaider.<\/p>\n<p>Orkiestra FP ma w dorobku nagrania dla radia, telewizji oraz na p\u0142yty CD (m.in. dla wytw\u00f3rni: Sony Classical, Polmusic, Wichtel Records, Polskie Nagrania, Muza, Largo Records, Dux, CD Accord, Naxos).<\/p>\n<p>Od sezonu artystycznego 2007\/2008 dyrygentem-szefem Orkiestry Filharmonii Pozna\u0144skiej (istniej\u0105cej od 1947 roku) jest Marek Pijarowski, a pierwszym dyrygentem go\u015bcinnym tego zespo\u0142u \u2013 \u0141ukasz Borowicz.<\/p>","protected":false},"excerpt":{"rendered":"<p>Orkiestra Filharmonii Pozna\u0144skiej nale\u017cy do grona najbardziej znanych i cenionych polskich orkiestr symfonicznych. Wyst\u0119puje w najwa\u017cniejszych o\u015brodkach muzycznych w kraju i poza jego granicami. Zesp\u00f3\u0142 koncertowa\u0142 prawie we wszystkich krajach Europy. Uczestniczy\u0142 w wielu znacz\u0105cych mi\u0119dzynarodowych festiwalach muzycznych (m.in. w Wielkanocnym Festiwalu Ludwiga van Beethovena, Wratislavia Cantans czy Bergen Festival). Od 1952 roku towarzyszy finalistom [&hellip;]<\/p>\n","protected":false},"author":6,"featured_media":0,"parent":0,"menu_order":126,"comment_status":"closed","ping_status":"closed","template":"template-artist.php","meta":{"footnotes":""},"categories":[],"class_list":["post-1442","page","type-page","status-publish","hentry"],"_links":{"self":[{"href":"https:\/\/beethoven.org.pl\/artysci\/wp-json\/wp\/v2\/pages\/1442","targetHints":{"allow":["GET"]}}],"collection":[{"href":"https:\/\/beethoven.org.pl\/artysci\/wp-json\/wp\/v2\/pages"}],"about":[{"href":"https:\/\/beethoven.org.pl\/artysci\/wp-json\/wp\/v2\/types\/page"}],"author":[{"embeddable":true,"href":"https:\/\/beethoven.org.pl\/artysci\/wp-json\/wp\/v2\/users\/6"}],"replies":[{"embeddable":true,"href":"https:\/\/beethoven.org.pl\/artysci\/wp-json\/wp\/v2\/comments?post=1442"}],"version-history":[{"count":1,"href":"https:\/\/beethoven.org.pl\/artysci\/wp-json\/wp\/v2\/pages\/1442\/revisions"}],"predecessor-version":[{"id":1444,"href":"https:\/\/beethoven.org.pl\/artysci\/wp-json\/wp\/v2\/pages\/1442\/revisions\/1444"}],"wp:attachment":[{"href":"https:\/\/beethoven.org.pl\/artysci\/wp-json\/wp\/v2\/media?parent=1442"}],"wp:term":[{"taxonomy":"category","embeddable":true,"href":"https:\/\/beethoven.org.pl\/artysci\/wp-json\/wp\/v2\/categories?post=1442"}],"curies":[{"name":"wp","href":"https:\/\/api.w.org\/{rel}","templated":true}]}}