{"id":1393,"date":"2017-04-10T11:59:29","date_gmt":"2017-04-10T09:59:29","guid":{"rendered":"http:\/\/beethoven.org.pl\/artysci\/?page_id=1393"},"modified":"2017-04-11T10:48:13","modified_gmt":"2017-04-11T08:48:13","slug":"leopold-hager","status":"publish","type":"page","link":"https:\/\/beethoven.org.pl\/artysci\/leopold-hager\/","title":{"rendered":"Leopold Hager"},"content":{"rendered":"<p><strong>Leopold Hager<\/strong>. Austriacki dyrygent Leopold Hager studiowa\u0142 dyrygentur\u0119, gr\u0119 na organach, fortepianie, klawesynie oraz kompozycj\u0119 w Mozarteum, w swoim rodzinnym Salzburgu. Po podj\u0119ciu licznych wyzwa\u0144 zawodowych w Moguncji, Linzu i Kolonii zosta\u0142 naczelnym dyrektorem muzycznym we Fryburgu, a nast\u0119pnie pierwszym dyrygentem Orkiestry Mozarteum w Salzburgu, dyrektorem muzycznym Orkiestry Symfonicznej RTL w Luksemburgu oraz g\u0142\u00f3wnym dyrygentem Volksoper w Wiedniu. Poza prac\u0105 dyrygenta, Leopold Hager przez wiele lat by\u0142 profesorem dyrygentury symfonicznej w Konserwatorium Wiede\u0144skim.<\/p>\n<p>Od wielu lat cieszy si\u0119 wsp\u00f3\u0142prac\u0105 z Wiede\u0144sk\u0105 Oper\u0105 Narodow\u0105 jako jej dyrygent go\u015bcinny. Dyrygowa\u0142 orkiestrami w najs\u0142ynniejszych teatrach operowych \u015bwiata, m.in. w Bawarskiej Operze Narodowej w Monachium, Semperoper w Dre\u017anie, Metropolitan Opera w Nowym Jorku, Lyric Opera w Chicago, Royal Opera House, Covent Garden w Londynie, Teatro Col\u00f3n w Buenos Aires i Op\u00e9ra Bastille w Pary\u017cu.<\/p>\n<p>W ramach dzia\u0142alno\u015bci symfonicznej, Hager prowadzi\u0142 najwa\u017cniejsze orkiestry Europy i Stan\u00f3w Zjednoczonych, takie jak drezde\u0144ska Staatskapelle, lipska Gewandhausorchester, Filharmonia Monachijska, Bamberg Symphony, Royal Concertgebouw Orchestra, Orchestre de Paris oraz Narodowa Orkiestra Symfoniczna z Waszyngtonu. W 2015 roku obj\u0105\u0142 stanowisko pierwszego dyrygenta go\u015bcinnego Orquestra Sinf\u00f3nica do Porto Casa da M\u00fasica. Regularnie dyryguje tak\u017ce Filharmonikami Wiede\u0144skimi w Wiedniu, Pradze i Rzymie.<\/p>\n<p>Leopold Hager zyska\u0142 s\u0142aw\u0119 jako jeden pionier\u00f3w w dziedzinie interpretacji muzyki Mozarta, w szczeg\u00f3lno\u015bci dzi\u0119ki wykonaniu w Salzburgu wcze\u015bniej praktycznie niedostrzeganych, m\u0142odzie\u0144czych dzie\u0142 scenicznych kompozytora, takich jak <em>Lucio Silla<\/em>, <em>Apollo i Hiacynt<\/em>, <em>Askaniusz w Albie<\/em>, czy <em>Betulia wyzwolona<\/em>. W trakcie Tygodnia Mozartowskiego w Salzburgu w 1979 roku poprowadzi\u0142 pierwsze w historii pe\u0142ne wykonanie <em>Snu Scypiona<\/em>. Nagrania tych dzie\u0142 z czo\u0142owymi \u015bpiewakami tamtego okresu stanowi\u0105 do dnia dzisiejszego wa\u017cny punkt odniesienia.<\/p>","protected":false},"excerpt":{"rendered":"<p>Leopold Hager. Austriacki dyrygent Leopold Hager studiowa\u0142 dyrygentur\u0119, gr\u0119 na organach, fortepianie, klawesynie oraz kompozycj\u0119 w Mozarteum, w swoim rodzinnym Salzburgu. Po podj\u0119ciu licznych wyzwa\u0144 zawodowych w Moguncji, Linzu i Kolonii zosta\u0142 naczelnym dyrektorem muzycznym we Fryburgu, a nast\u0119pnie pierwszym dyrygentem Orkiestry Mozarteum w Salzburgu, dyrektorem muzycznym Orkiestry Symfonicznej RTL w Luksemburgu oraz g\u0142\u00f3wnym dyrygentem [&hellip;]<\/p>\n","protected":false},"author":6,"featured_media":0,"parent":0,"menu_order":142,"comment_status":"closed","ping_status":"closed","template":"template-artist.php","meta":{"footnotes":""},"categories":[],"class_list":["post-1393","page","type-page","status-publish","hentry"],"_links":{"self":[{"href":"https:\/\/beethoven.org.pl\/artysci\/wp-json\/wp\/v2\/pages\/1393","targetHints":{"allow":["GET"]}}],"collection":[{"href":"https:\/\/beethoven.org.pl\/artysci\/wp-json\/wp\/v2\/pages"}],"about":[{"href":"https:\/\/beethoven.org.pl\/artysci\/wp-json\/wp\/v2\/types\/page"}],"author":[{"embeddable":true,"href":"https:\/\/beethoven.org.pl\/artysci\/wp-json\/wp\/v2\/users\/6"}],"replies":[{"embeddable":true,"href":"https:\/\/beethoven.org.pl\/artysci\/wp-json\/wp\/v2\/comments?post=1393"}],"version-history":[{"count":1,"href":"https:\/\/beethoven.org.pl\/artysci\/wp-json\/wp\/v2\/pages\/1393\/revisions"}],"predecessor-version":[{"id":1394,"href":"https:\/\/beethoven.org.pl\/artysci\/wp-json\/wp\/v2\/pages\/1393\/revisions\/1394"}],"wp:attachment":[{"href":"https:\/\/beethoven.org.pl\/artysci\/wp-json\/wp\/v2\/media?parent=1393"}],"wp:term":[{"taxonomy":"category","embeddable":true,"href":"https:\/\/beethoven.org.pl\/artysci\/wp-json\/wp\/v2\/categories?post=1393"}],"curies":[{"name":"wp","href":"https:\/\/api.w.org\/{rel}","templated":true}]}}