{"id":1389,"date":"2017-04-10T11:53:24","date_gmt":"2017-04-10T09:53:24","guid":{"rendered":"http:\/\/beethoven.org.pl\/artysci\/?page_id=1389"},"modified":"2017-04-11T10:25:19","modified_gmt":"2017-04-11T08:25:19","slug":"frankfurt-radio-symphony","status":"publish","type":"page","link":"https:\/\/beethoven.org.pl\/artysci\/frankfurt-radio-symphony\/","title":{"rendered":"Frankfurt Radio Symphony"},"content":{"rendered":"<p><\/p>\n<p class=\"Default\"><span style=\"font-size: 10.0pt;font-family: 'Times New Roman',serif\">Za\u0142o\u017cona w 1929 roku Symfoniczna Orkiestra Radiowa we Frankfurcie (hr-Sinfonieorchester) jest jedn\u0105 z najstarszych niemieckich radiowych orkiestr symfonicznych. Jej dzieje s\u0105 histori\u0105 udanego, a przecie\u017c nie\u0142atwego balansowania mi\u0119dzy wierno\u015bci\u0105 tradycji i konieczno\u015bci\u0105 sprostania wyzwaniom stoj\u0105cym przed najwspanialszymi wsp\u00f3\u0142czesnymi orkiestrami. Profil artystyczny zespo\u0142u definiuj\u0105 programy o najwy\u017cszym stopniu zr\u00f3\u017cnicowania, w kt\u00f3rych wyst\u0119py symfoniczne przeplataj\u0105 si\u0119 z muzyk\u0105 dawn\u0105, a programy dla s\u0142uchaczy m\u0142odszych \u2013 z muzyk\u0105 nowoczesn\u0105.<\/span><\/p>\n<p class=\"Default\"><span style=\"font-size: 10.0pt;font-family: 'Times New Roman',serif\">Zesp\u00f3\u0142 publicznego niemieckiego radia Hesji (hr w nazwie to Hessischer Rundfunk) zdoby\u0142 wielk\u0105 renom\u0119 na ca\u0142ym \u015bwiecie r\u00f3wnie\u017c dzi\u0119ki wyst\u0119pom go\u015bcinnym oraz wielokrotnie nagradzanym p\u0142ytom. Regularne tourn\u00e9es po Japonii, Korei i Chinach s\u0105 dla zespo\u0142u r\u00f3wnie wa\u017cne co obecno\u015b\u0107 w najwa\u017cniejszych europejskich salach koncertowych \u2013 Budapesztu, Madrytu, Pragi, Salzburga i Wiednia.<\/span><\/p>\n<p class=\"Default\"><span style=\"font-size: 10.0pt;font-family: 'Times New Roman',serif\">S\u0142yn\u0105ca przede wszystkim ze swojej wspania\u0142ej sekcji d\u0119tej, bogatego d\u017awi\u0119ku smyczk\u00f3w oraz dynamicznych wykona\u0144, orkiestra z Frankfurtu proponuje wysoce zr\u00f3\u017cnicowan\u0105 stylistyk\u0119 muzyczn\u0105. Wyst\u0119puj\u0105c pod przewodnictwem swojego dyrektora artystycznego Andr\u00e9sa Orozco-Estrady, zesp\u00f3\u0142 kojarzy si\u0119 nie tylko z muzyczn\u0105 doskona\u0142o\u015bci\u0105, ale te\u017c z r\u00f3wnie ciekawym co zr\u00f3\u017cnicowanym repertuarem.<\/span><\/p>\n<p class=\"Default\"><span style=\"font-size: 10.0pt;font-family: 'Times New Roman',serif\">Za spraw\u0105 coraz szerzej znanych, prze\u0142omowych nagra\u0144 symfonicy z Frankfurtu wyznaczaj\u0105 nowe standardy w repertuarze romantycznym i p\u00f3\u017anoromantycznym; szczeg\u00f3lne uznanie na arenie mi\u0119dzynarodowej zyska\u0142y sobie ich wspania\u0142e wykonania dzie\u0142 Mahlera i Brucknera. Ta w\u0142a\u015bnie muzyczna tradycja, wprowadzona przez Eliahu Inbala, trwa\u0142a pod przewodnictwem kolejnych dyrektor\u00f3w artystycznych, Dimitrija Kitajenki i Hugh Wolffa, i jest doskonale widoczna w przedsi\u0119wzi\u0119ciach muzycznych Paavo J\u00e4rvi\u2019ego obdarzonego przez zesp\u00f3\u0142 honorowym tytu\u0142em Conductor Laureate. <\/span><\/p>\n<p><\/p>","protected":false},"excerpt":{"rendered":"<p>Za\u0142o\u017cona w 1929 roku Symfoniczna Orkiestra Radiowa we Frankfurcie (hr-Sinfonieorchester) jest jedn\u0105 z najstarszych niemieckich radiowych orkiestr symfonicznych. Jej dzieje s\u0105 histori\u0105 udanego, a przecie\u017c nie\u0142atwego balansowania mi\u0119dzy wierno\u015bci\u0105 tradycji i konieczno\u015bci\u0105 sprostania wyzwaniom stoj\u0105cym przed najwspanialszymi wsp\u00f3\u0142czesnymi orkiestrami. Profil artystyczny zespo\u0142u definiuj\u0105 programy o najwy\u017cszym stopniu zr\u00f3\u017cnicowania, w kt\u00f3rych wyst\u0119py symfoniczne przeplataj\u0105 si\u0119 z [&hellip;]<\/p>\n","protected":false},"author":6,"featured_media":0,"parent":0,"menu_order":143,"comment_status":"closed","ping_status":"closed","template":"template-artist.php","meta":{"footnotes":""},"categories":[],"class_list":["post-1389","page","type-page","status-publish","hentry"],"_links":{"self":[{"href":"https:\/\/beethoven.org.pl\/artysci\/wp-json\/wp\/v2\/pages\/1389","targetHints":{"allow":["GET"]}}],"collection":[{"href":"https:\/\/beethoven.org.pl\/artysci\/wp-json\/wp\/v2\/pages"}],"about":[{"href":"https:\/\/beethoven.org.pl\/artysci\/wp-json\/wp\/v2\/types\/page"}],"author":[{"embeddable":true,"href":"https:\/\/beethoven.org.pl\/artysci\/wp-json\/wp\/v2\/users\/6"}],"replies":[{"embeddable":true,"href":"https:\/\/beethoven.org.pl\/artysci\/wp-json\/wp\/v2\/comments?post=1389"}],"version-history":[{"count":1,"href":"https:\/\/beethoven.org.pl\/artysci\/wp-json\/wp\/v2\/pages\/1389\/revisions"}],"predecessor-version":[{"id":1392,"href":"https:\/\/beethoven.org.pl\/artysci\/wp-json\/wp\/v2\/pages\/1389\/revisions\/1392"}],"wp:attachment":[{"href":"https:\/\/beethoven.org.pl\/artysci\/wp-json\/wp\/v2\/media?parent=1389"}],"wp:term":[{"taxonomy":"category","embeddable":true,"href":"https:\/\/beethoven.org.pl\/artysci\/wp-json\/wp\/v2\/categories?post=1389"}],"curies":[{"name":"wp","href":"https:\/\/api.w.org\/{rel}","templated":true}]}}