{"id":1371,"date":"2017-04-10T11:21:33","date_gmt":"2017-04-10T09:21:33","guid":{"rendered":"http:\/\/beethoven.org.pl\/artysci\/?page_id=1371"},"modified":"2017-04-11T10:43:08","modified_gmt":"2017-04-11T08:43:08","slug":"chor-teatru-wielkiego-opery-narodowej","status":"publish","type":"page","link":"https:\/\/beethoven.org.pl\/artysci\/chor-teatru-wielkiego-opery-narodowej\/","title":{"rendered":"Ch\u00f3r Teatru Wielkiego \u2013 Opery Narodowej"},"content":{"rendered":"<p><strong>Ch\u00f3r Teatru Wielkiego \u2013 Opery Narodowej<\/strong>. Zesp\u00f3\u0142 ch\u00f3ralny dzia\u0142a\u0142 niemal od pocz\u0105tku istnienia teatru operowego w Warszawie, uczestnicz\u0105c w przedstawieniach operowych, a czasem r\u00f3wnie\u017c w inscenizacjach dramatycznych. Pocz\u0105wszy od XIX wieku recenzje prasowe przedstawie\u0144 w Teatrze Wielkim pe\u0142ne by\u0142y uznania dla jego osi\u0105gni\u0119\u0107. Otwarcie w 1965 roku odbudowanego gmachu Teatru Wielkiego da\u0142o impuls do znacznego powi\u0119kszenia ch\u00f3ru operowego. Wielka scena wymaga\u0142a pot\u0119\u017cnego ch\u00f3ru, kt\u00f3rego wyst\u0119py sta\u0142y si\u0119 ozdob\u0105 inscenizacji operowych. Od tego czasu zespo\u0142em kierowali J\u00f3zef Bok, Zofia Urbanyi-\u015awirska, Henryk Wojnarowski, Lech Gorywoda, Bogdan Gola i Jan Szyrocki. Od 1998 roku ponownie ch\u00f3rem kieruje Bogdan Gola, przyczyniaj\u0105c si\u0119 do jego sukcesywnego rozwoju. Ch\u00f3r Teatru Wielkiego w Warszawie przygotowa\u0142 ponad 80 s\u0142ynnych dzie\u0142 operowych, zyskuj\u0105c trwa\u0142e uznanie krytyki i publiczno\u015bci w kraju i za granic\u0105. Zesp\u00f3\u0142 wyst\u0119puje w przedstawieniach operowych, bierze udzia\u0142 w\u00a0koncertach symfonicznych i prowadzi samodzieln\u0105 dzia\u0142alno\u015b\u0107 koncertow\u0105. Uczestniczy\u0142 w wielu tourn\u00e9es zagranicznych Teatru Wielkiego \u2013 Opery Narodowej, wyst\u0119puj\u0105c na najwi\u0119kszych scenach muzycznych Europy oraz na znanych festiwalach plenerowych.<\/p>\n<p>&nbsp;<\/p>","protected":false},"excerpt":{"rendered":"<p>Ch\u00f3r Teatru Wielkiego \u2013 Opery Narodowej. Zesp\u00f3\u0142 ch\u00f3ralny dzia\u0142a\u0142 niemal od pocz\u0105tku istnienia teatru operowego w Warszawie, uczestnicz\u0105c w przedstawieniach operowych, a czasem r\u00f3wnie\u017c w inscenizacjach dramatycznych. Pocz\u0105wszy od XIX wieku recenzje prasowe przedstawie\u0144 w Teatrze Wielkim pe\u0142ne by\u0142y uznania dla jego osi\u0105gni\u0119\u0107. Otwarcie w 1965 roku odbudowanego gmachu Teatru Wielkiego da\u0142o impuls do znacznego [&hellip;]<\/p>\n","protected":false},"author":6,"featured_media":0,"parent":0,"menu_order":149,"comment_status":"closed","ping_status":"closed","template":"template-artist.php","meta":{"footnotes":""},"categories":[],"class_list":["post-1371","page","type-page","status-publish","hentry"],"_links":{"self":[{"href":"https:\/\/beethoven.org.pl\/artysci\/wp-json\/wp\/v2\/pages\/1371","targetHints":{"allow":["GET"]}}],"collection":[{"href":"https:\/\/beethoven.org.pl\/artysci\/wp-json\/wp\/v2\/pages"}],"about":[{"href":"https:\/\/beethoven.org.pl\/artysci\/wp-json\/wp\/v2\/types\/page"}],"author":[{"embeddable":true,"href":"https:\/\/beethoven.org.pl\/artysci\/wp-json\/wp\/v2\/users\/6"}],"replies":[{"embeddable":true,"href":"https:\/\/beethoven.org.pl\/artysci\/wp-json\/wp\/v2\/comments?post=1371"}],"version-history":[{"count":1,"href":"https:\/\/beethoven.org.pl\/artysci\/wp-json\/wp\/v2\/pages\/1371\/revisions"}],"predecessor-version":[{"id":1372,"href":"https:\/\/beethoven.org.pl\/artysci\/wp-json\/wp\/v2\/pages\/1371\/revisions\/1372"}],"wp:attachment":[{"href":"https:\/\/beethoven.org.pl\/artysci\/wp-json\/wp\/v2\/media?parent=1371"}],"wp:term":[{"taxonomy":"category","embeddable":true,"href":"https:\/\/beethoven.org.pl\/artysci\/wp-json\/wp\/v2\/categories?post=1371"}],"curies":[{"name":"wp","href":"https:\/\/api.w.org\/{rel}","templated":true}]}}