{"id":1365,"date":"2017-04-10T11:17:09","date_gmt":"2017-04-10T09:17:09","guid":{"rendered":"http:\/\/beethoven.org.pl\/artysci\/?page_id=1365"},"modified":"2017-04-11T10:23:37","modified_gmt":"2017-04-11T08:23:37","slug":"lukasz-borowicz-2","status":"publish","type":"page","link":"https:\/\/beethoven.org.pl\/artysci\/lukasz-borowicz-2\/","title":{"rendered":"\u0141ukasz Borowicz"},"content":{"rendered":"<p><strong>\u0141ukasz Borowicz<\/strong>. Studiowa\u0142 w klasie Bogus\u0142awa Madeya w Akademii Muzycznej im. Fryderyka Chopina w Warszawie, tam te\u017c uzyska\u0142 tytu\u0142 doktora w dziedzinie dyrygentury pod kierunkiem Antoniego Wita. W latach 2005-06 pe\u0142ni\u0142 funkcj\u0119 asystenta Kazimierza Korda w Teatrze Wielkim \u2013 Operze Narodowej w Warszawie. W latach 2007-15 pe\u0142ni\u0142 funkcj\u0119 dyrektora artystycznego Polskiej Orkiestry Radiowej. Od 2006 roku jest pierwszym dyrygentem go\u015bcinnym Orkiestry Filharmonii Pozna\u0144skiej. Zosta\u0142 wyr\u00f3\u017cniony: Paszportem \u201ePolityki\u201d (2008), nagrod\u0105 Koryfeusza Muzyki Polskiej (2011), Nagrod\u0105 im. Norwida (2013) oraz Nagrod\u0105 im. Tansmana za wybitn\u0105 indywidualno\u015b\u0107 muzyczn\u0105 (2014).<\/p>\n<p>Dyrygowa\u0142 wieloma orkiestrami, m.in.: Royal Philharmonic Orchestra, BBC Scottish Symphony Orchestra, Los Angeles Philharmonic New Music Group, Akademie f\u00fcr Alte Musik Berlin, Konzerthausorchester Berlin, Deutsches Symphonie-Orchester Berlin, SWR Sinfonieorchester, Wiener Volksoper, Orchestre Symphonique et Lyrique de Nancy, Philharmonie Zuidnederland, Prague Symphony Orchestra i wi\u0119kszo\u015bci\u0105 polskich orkiestr symfonicznych.<\/p>\n<p>Podczas Wielkanocnych Festiwali Ludwiga van Beethovena pod jego batut\u0105 mo\u017cna by\u0142o us\u0142ysze\u0107 takie dzie\u0142a jak: <em>Lodo\u00efska<\/em> Luigi Cherubiniego, <em>Berggeist<\/em> Louisa Spohra, <em>Euryanthe<\/em> Carla Marii Webera, <em>Maria Padilla<\/em> Gaetano Donizettiego, <em>L\u2019amore dei tre re<\/em> Italo Montemezziego, <em>Simon Boccanegra<\/em> Giuseppe Verdiego, <em>Ifigenia na Taurydzie<\/em> Christopha Willibalda Glucka,\u00a0<em>Turn of the Screw<\/em> Benjamina Brittena, <em>Riders to the Sea<\/em> Ralpha Vaughan Williamsa oraz <em>At the Boar&#8217;s Head<\/em> Gustava Holsta.<\/p>\n<p>Dyskografia \u0141ukasza Borowicza liczy ponad 65 album\u00f3w. Komplet dzie\u0142 symfonicznych Andrzeja Panufnika nagrany dla wytw\u00f3rni CPO zosta\u0142 uhonorowany Special Achievement Award ICMA 2015. Nagranie opery <em>The<\/em> <em>Turn of the Screw<\/em> Brittena zrealizowane podczas poprzedniego Festiwalu Beethovenowskiego zosta\u0142o nominowane do nagrody ICMA 2016.<\/p>","protected":false},"excerpt":{"rendered":"<p>\u0141ukasz Borowicz. Studiowa\u0142 w klasie Bogus\u0142awa Madeya w Akademii Muzycznej im. Fryderyka Chopina w Warszawie, tam te\u017c uzyska\u0142 tytu\u0142 doktora w dziedzinie dyrygentury pod kierunkiem Antoniego Wita. W latach 2005-06 pe\u0142ni\u0142 funkcj\u0119 asystenta Kazimierza Korda w Teatrze Wielkim \u2013 Operze Narodowej w Warszawie. W latach 2007-15 pe\u0142ni\u0142 funkcj\u0119 dyrektora artystycznego Polskiej Orkiestry Radiowej. Od 2006 [&hellip;]<\/p>\n","protected":false},"author":6,"featured_media":0,"parent":0,"menu_order":151,"comment_status":"closed","ping_status":"closed","template":"template-artist.php","meta":{"footnotes":""},"categories":[],"class_list":["post-1365","page","type-page","status-publish","hentry"],"_links":{"self":[{"href":"https:\/\/beethoven.org.pl\/artysci\/wp-json\/wp\/v2\/pages\/1365","targetHints":{"allow":["GET"]}}],"collection":[{"href":"https:\/\/beethoven.org.pl\/artysci\/wp-json\/wp\/v2\/pages"}],"about":[{"href":"https:\/\/beethoven.org.pl\/artysci\/wp-json\/wp\/v2\/types\/page"}],"author":[{"embeddable":true,"href":"https:\/\/beethoven.org.pl\/artysci\/wp-json\/wp\/v2\/users\/6"}],"replies":[{"embeddable":true,"href":"https:\/\/beethoven.org.pl\/artysci\/wp-json\/wp\/v2\/comments?post=1365"}],"version-history":[{"count":1,"href":"https:\/\/beethoven.org.pl\/artysci\/wp-json\/wp\/v2\/pages\/1365\/revisions"}],"predecessor-version":[{"id":1367,"href":"https:\/\/beethoven.org.pl\/artysci\/wp-json\/wp\/v2\/pages\/1365\/revisions\/1367"}],"wp:attachment":[{"href":"https:\/\/beethoven.org.pl\/artysci\/wp-json\/wp\/v2\/media?parent=1365"}],"wp:term":[{"taxonomy":"category","embeddable":true,"href":"https:\/\/beethoven.org.pl\/artysci\/wp-json\/wp\/v2\/categories?post=1365"}],"curies":[{"name":"wp","href":"https:\/\/api.w.org\/{rel}","templated":true}]}}