{"id":1356,"date":"2017-04-10T11:09:10","date_gmt":"2017-04-10T09:09:10","guid":{"rendered":"http:\/\/beethoven.org.pl\/artysci\/?page_id=1356"},"modified":"2017-04-11T10:18:37","modified_gmt":"2017-04-11T08:18:37","slug":"eric-barry-2","status":"publish","type":"page","link":"https:\/\/beethoven.org.pl\/artysci\/eric-barry-2\/","title":{"rendered":"Eric Barry"},"content":{"rendered":"<p><strong>Eric Barry<\/strong>. Zdobywca nagrody Bel Canto podczas Konkursu Maryland Lyric Opera w 2016 roku, hiszpa\u0144sko-ameryka\u0144ski tenor Eric Barry jest \u015bci\u015ble zwi\u0105zany z Wielkanocnym Festiwalem Ludwiga van Beethovena w Warszawie oraz Polsk\u0105 Orkiestr\u0105 Radiow\u0105, z kt\u00f3r\u0105 wykonywa\u0142 i nagra\u0142 <em>IX Symfoni\u0119<\/em> Beethovena, <em>The Turn of the Screw<\/em>, <em>Mari\u0119 Padill\u0119<\/em>, <em>Ifigeni\u0119 na Taurydzie<\/em>, <em>Ober\u017c\u0119 pod dzikiem<\/em>, <em>Mi\u0142o\u015b\u0107 trzech kr\u00f3l\u00f3w<\/em> i <em>Simona Boccanegr\u0119<\/em>.<\/p>\n<p>Wsp\u00f3\u0142pracowa\u0142 z takimi teatrami operowymi jak Amarillo Opera, Florentine Opera Company, Indianapolis Opera, North Carolina Opera, Opera Memphis, Pittsburgh Opera, Shreveport Opera, Syracuse Opera oraz Teatro Comunale di Sulmona. Jego repertuar obejmuje m.in. takie role, jak: Nemorino\/<em>Nap\u00f3j mi\u0142osny<\/em>, Rodolfo\/<em>Cyganeria<\/em>, Pinkerton\/<em>Madama Butterfly<\/em>, Tom Rakewell\/<em>\u017bywot rozpustnika<\/em>, Le\u0144ski\/<em>Eugeniusz Oniegin<\/em>, Ksi\u0105\u017c\u0119 Mantui\/<em>Rigoletto<\/em> i Alfredo\/<em>Traviata<\/em>. Regularnie koncertuje, wyst\u0119puj\u0105c z orkiestrami symfonicznymi Arkansas, Indianapolis, Jacksonville, Madison, Minnesoty, Utah, Winston-Salem i Jerozolimy.<\/p>\n<p>Do najbli\u017cszych plan\u00f3w artysty nale\u017c\u0105 debiuty z Oper\u0105 Colorado w roli Edgardo (<em>\u0141ucja z Lamermooru<\/em>) oraz Oper\u0105 San Antonio w roli Makdufa (<em>Makbet<\/em>), a tak\u017ce ponowny wyst\u0119p z Orkiestr\u0105 Symfoniczn\u0105 Madison.<\/p>","protected":false},"excerpt":{"rendered":"<p>Eric Barry. Zdobywca nagrody Bel Canto podczas Konkursu Maryland Lyric Opera w 2016 roku, hiszpa\u0144sko-ameryka\u0144ski tenor Eric Barry jest \u015bci\u015ble zwi\u0105zany z Wielkanocnym Festiwalem Ludwiga van Beethovena w Warszawie oraz Polsk\u0105 Orkiestr\u0105 Radiow\u0105, z kt\u00f3r\u0105 wykonywa\u0142 i nagra\u0142 IX Symfoni\u0119 Beethovena, The Turn of the Screw, Mari\u0119 Padill\u0119, Ifigeni\u0119 na Taurydzie, Ober\u017c\u0119 pod dzikiem, Mi\u0142o\u015b\u0107 [&hellip;]<\/p>\n","protected":false},"author":6,"featured_media":0,"parent":0,"menu_order":154,"comment_status":"closed","ping_status":"closed","template":"template-artist.php","meta":{"footnotes":""},"categories":[],"class_list":["post-1356","page","type-page","status-publish","hentry"],"_links":{"self":[{"href":"https:\/\/beethoven.org.pl\/artysci\/wp-json\/wp\/v2\/pages\/1356","targetHints":{"allow":["GET"]}}],"collection":[{"href":"https:\/\/beethoven.org.pl\/artysci\/wp-json\/wp\/v2\/pages"}],"about":[{"href":"https:\/\/beethoven.org.pl\/artysci\/wp-json\/wp\/v2\/types\/page"}],"author":[{"embeddable":true,"href":"https:\/\/beethoven.org.pl\/artysci\/wp-json\/wp\/v2\/users\/6"}],"replies":[{"embeddable":true,"href":"https:\/\/beethoven.org.pl\/artysci\/wp-json\/wp\/v2\/comments?post=1356"}],"version-history":[{"count":1,"href":"https:\/\/beethoven.org.pl\/artysci\/wp-json\/wp\/v2\/pages\/1356\/revisions"}],"predecessor-version":[{"id":1358,"href":"https:\/\/beethoven.org.pl\/artysci\/wp-json\/wp\/v2\/pages\/1356\/revisions\/1358"}],"wp:attachment":[{"href":"https:\/\/beethoven.org.pl\/artysci\/wp-json\/wp\/v2\/media?parent=1356"}],"wp:term":[{"taxonomy":"category","embeddable":true,"href":"https:\/\/beethoven.org.pl\/artysci\/wp-json\/wp\/v2\/categories?post=1356"}],"curies":[{"name":"wp","href":"https:\/\/api.w.org\/{rel}","templated":true}]}}