{"id":703,"date":"2016-10-27T12:01:56","date_gmt":"2016-10-27T10:01:56","guid":{"rendered":"http:\/\/dev.yoho.pl\/beethoven\/artysci\/?page_id=703"},"modified":"2016-12-05T14:17:30","modified_gmt":"2016-12-05T13:17:30","slug":"703-2","status":"publish","type":"page","link":"https:\/\/beethoven.org.pl\/artysci\/en\/703-2\/","title":{"rendered":"Burak Bilgili"},"content":{"rendered":"<p><strong>Bass<\/strong><\/p>\n<p>From the time of his professional operatic debut at the Teatro alla Scala in 2002 as Don Alfonso in Lucrezia Borgia, bass Burak Bilgili has had tremendous success singing at internationally renowned venues such as New York MET, Carnegie Hall of New York, Washington National Opera, San Francisco Opera, Seattle Opera, Op\u00e9ra de Montr\u00e9al, Canadian Opera in Toronto, Liceu de Barcelona, Grand Th\u00e9\u00e2tre de Gen\u00e8ve, Caramoor Festival, Savonlinna Festival, Maggio Musicale Fiorentino in Florence, Teatro dell\u2019Opera di Roma, working with such conductors as Gianandrea Noseda, Evenlino Pid\u00f2, Nicola Luisotti, and Alberto Zedda. His last engagements have included Zaccaria in Nabucco at Teatro Lirico in Cagliari, Sparafucile in Rigoletto at Omaha Lyric Opera and in Guadalajara (Mexico), Colline in La boh\u00e8me at Naples Opera, Nourabad in Les P\u00e9cheurs de perles at Miami Lyric Opera, Il barbiere di Siviglia (Don Basilio) at Canadian Opera Company and Don Pasquale (title role) at Cincinnati Opera.<\/p>\n<p>Among his future plans are Messiah by Haendel with the Washington National Symphony Orchestra and the Detroit Symphony Orchestra, Norma (Oroveso) at Miami Opera, Luisa Miller (Conte di Walter) at Staatsoper in Hamburg, Macbeth (Banco) in Detroit, Romeo et Juliette (Laurent) at Atlanta Opera and at Beijing NCPA. A recipient of numerous awards, he graduaded of the Academy of Vocal Arts in Philadelphia and at Conservatory of Mimar Sinan University. He also studied with Maestro Bonaldo Giaiotti and Katia Ricciarelli at the Academia Lirica Internationale in Parma, Italy. He is recently working with Maestro Bill\u00a0Schumann.<\/p>","protected":false},"excerpt":{"rendered":"<p>Bass From the time of his professional operatic debut at the Teatro alla Scala in 2002 as Don Alfonso in Lucrezia Borgia, bass Burak Bilgili has had tremendous success singing at internationally renowned venues such as New York MET, Carnegie Hall of New York, Washington National Opera, San Francisco Opera, Seattle Opera, Op\u00e9ra de Montr\u00e9al, [&hellip;]<\/p>\n","protected":false},"author":2,"featured_media":0,"parent":0,"menu_order":209,"comment_status":"closed","ping_status":"closed","template":"template-artist.php","meta":{"footnotes":""},"categories":[],"class_list":["post-703","page","type-page","status-publish","hentry"],"_links":{"self":[{"href":"https:\/\/beethoven.org.pl\/artysci\/en\/wp-json\/wp\/v2\/pages\/703","targetHints":{"allow":["GET"]}}],"collection":[{"href":"https:\/\/beethoven.org.pl\/artysci\/en\/wp-json\/wp\/v2\/pages"}],"about":[{"href":"https:\/\/beethoven.org.pl\/artysci\/en\/wp-json\/wp\/v2\/types\/page"}],"author":[{"embeddable":true,"href":"https:\/\/beethoven.org.pl\/artysci\/en\/wp-json\/wp\/v2\/users\/2"}],"replies":[{"embeddable":true,"href":"https:\/\/beethoven.org.pl\/artysci\/en\/wp-json\/wp\/v2\/comments?post=703"}],"version-history":[{"count":3,"href":"https:\/\/beethoven.org.pl\/artysci\/en\/wp-json\/wp\/v2\/pages\/703\/revisions"}],"predecessor-version":[{"id":1060,"href":"https:\/\/beethoven.org.pl\/artysci\/en\/wp-json\/wp\/v2\/pages\/703\/revisions\/1060"}],"wp:attachment":[{"href":"https:\/\/beethoven.org.pl\/artysci\/en\/wp-json\/wp\/v2\/media?parent=703"}],"wp:term":[{"taxonomy":"category","embeddable":true,"href":"https:\/\/beethoven.org.pl\/artysci\/en\/wp-json\/wp\/v2\/categories?post=703"}],"curies":[{"name":"wp","href":"https:\/\/api.w.org\/{rel}","templated":true}]}}