{"id":392,"date":"2016-10-18T15:31:35","date_gmt":"2016-10-18T13:31:35","guid":{"rendered":"http:\/\/dev.yoho.pl\/beethoven\/artysci\/?page_id=392"},"modified":"2025-10-06T14:49:44","modified_gmt":"2025-10-06T12:49:44","slug":"krzysztof-ksiazek","status":"publish","type":"page","link":"https:\/\/beethoven.org.pl\/artysci\/en\/krzysztof-ksiazek\/","title":{"rendered":"Krzysztof Ksi\u0105\u017cek"},"content":{"rendered":"<p>Krzysztof Ksi\u0105\u017cek was a semi-finalist and recipient of two special prizes at the 17th International Fryderyk Chopin Piano Competition in Warsaw as well as the 3rd Prize and the special prize for the best performance of Mazurkas at the 1st International Chopin Competition on Period Instruments.<\/p>\n<p><img loading=\"lazy\" decoding=\"async\" class=\"wp-image-2118 size-full\" src=\"http:\/\/beethoven.org.pl\/artysci\/wp-content\/uploads\/sites\/2\/2018\/07\/BF180512_4373.jpg\" alt=\"\" width=\"1712\" height=\"2232\" srcset=\"https:\/\/beethoven.org.pl\/artysci\/wp-content\/uploads\/sites\/2\/2018\/07\/BF180512_4373.jpg 1712w, https:\/\/beethoven.org.pl\/artysci\/wp-content\/uploads\/sites\/2\/2018\/07\/BF180512_4373-230x300.jpg 230w, https:\/\/beethoven.org.pl\/artysci\/wp-content\/uploads\/sites\/2\/2018\/07\/BF180512_4373-768x1001.jpg 768w, https:\/\/beethoven.org.pl\/artysci\/wp-content\/uploads\/sites\/2\/2018\/07\/BF180512_4373-785x1024.jpg 785w\" sizes=\"auto, (max-width: 1712px) 100vw, 1712px\" \/><\/p>\n<p>Awarded and appreciated for his performance of Fryderyk Chopin\u2019s music and Polish music. The artist has performed at numerous festivals in Poland and abroad, among others: International Chopin Festival in Duszniki Zdr\u00f3j, Festival \u201cChopin and His Europe\u201d, Festival Chopin \u00e0 Paris, New Year Music Festival in Gstaad, Ludwig van Beethoven Easter Festival in Warsaw. He has given concerts in Europe, Africa, the United States and Asia. He has performed under the baton of such conductors as Antoni Wit, Jacek Kaspszyk, Tadeusz Struga\u0142a, Grzegorz Nowak, V\u00e1clav Luks, Jose Maria Florencio, Yu Feng, George Tchitchinadze, \u0141ukasz Borowicz and Ewa Strusi\u0144ska. A wide area of musical interests places him among the most universal artists of his generation. Apart from the canon of works by the most famous composers, he also reaches for less known pieces (e.g. Piano Concerto by S. Wis\u0142ocki, Symphonic Rhapsody for piano and orchestra by Z. Stojowski, Variations on a Nursery Theme by E. von Dohnanyi, or Yellow River Piano Concerto). He does not avoid the newest music either (Concerto for piano and percussion by Zbigniew Bargielski, piano music by Rafa\u0142 Augustyn). The artist derives great joy from performing music on historical instruments, the best proof of which, apart from cooperation with such ensembles as Orchestra of the Eighteenth Century, Collegium 1704 or {oh!} Historical Orchestra, is the recording of a recital on a replica of Chopin\u2019s Warsaw piano \u2013 Buchholtz from about 1825. An important part of his activity is chamber music, which he studied under Prof. Kaja Danczowska, Prof. Maria Szwajger-Ku\u0142akowska and Dr. hab. S\u0142awomir Cierpik, dr hab. Bart\u0142omiej Kominek, Silver-Garburg Piano Duo. Together with his wife Agnieszka Zahaczewska-Ksi\u0105\u017cek, he co-founded the Ksi\u0105\u017cek Piano Duo. The ensemble won First Prize at the Second International Polish Music Competition in Rzesz\u00f3w (2021) and Second Prize at the 12<sup>th<\/sup> International Chamber Music Competition \u201cFranz Schubert and Modern Music\u201d in Graz (Austria, 2025). It permanently cooperates with singer and composer Agata Zubel. Their album \u201cApparition\u201d with songs by 20th century composers was awarded with FRYDERYK 2020. The pianist\u2019s discography includes, apart from the aforementioned, records with Augustyn\u2019s and Chopin\u2019s music, suites for two pianos by Anton Arensky and Sergey Rachmaninoff, and music for piano four hands by Polish composers of early 19<sup>th<\/sup> century. Krzysztof Ksi\u0105\u017cek is a graduate of the Academies of Music in Krak\u00f3w and Bydgoszcz in the class of Professor Stefan Wojtas and of the Hochschule f\u00fcr Musik, Theater und Medien Hannover in the class of Professor Arie Vardi. He was a recipient of the \u201cM\u0142oda Polska\u201d scholarship programme. In March 2014, he was awarded the Krystian Zimerman Scholarship.<\/p>\n<p>&nbsp;<\/p>\n<p><em>Krzysztof Ksi\u0105\u017cek is represented by the Ludwig van Beethoven Association.<\/em><\/p>\n<p>&nbsp;<\/p>","protected":false},"excerpt":{"rendered":"<p>Krzysztof Ksi\u0105\u017cek was a semi-finalist and recipient of two special prizes at the 17th International Fryderyk Chopin Piano Competition in Warsaw as well as the 3rd Prize and the special prize for the best performance of Mazurkas at the 1st International Chopin Competition on Period Instruments. Awarded and appreciated for his performance of Fryderyk Chopin\u2019s [&hellip;]<\/p>\n","protected":false},"author":2,"featured_media":0,"parent":0,"menu_order":18,"comment_status":"closed","ping_status":"closed","template":"template-artist.php","meta":{"footnotes":""},"categories":[5],"class_list":["post-392","page","type-page","status-publish","hentry","category-pianisci"],"_links":{"self":[{"href":"https:\/\/beethoven.org.pl\/artysci\/en\/wp-json\/wp\/v2\/pages\/392","targetHints":{"allow":["GET"]}}],"collection":[{"href":"https:\/\/beethoven.org.pl\/artysci\/en\/wp-json\/wp\/v2\/pages"}],"about":[{"href":"https:\/\/beethoven.org.pl\/artysci\/en\/wp-json\/wp\/v2\/types\/page"}],"author":[{"embeddable":true,"href":"https:\/\/beethoven.org.pl\/artysci\/en\/wp-json\/wp\/v2\/users\/2"}],"replies":[{"embeddable":true,"href":"https:\/\/beethoven.org.pl\/artysci\/en\/wp-json\/wp\/v2\/comments?post=392"}],"version-history":[{"count":38,"href":"https:\/\/beethoven.org.pl\/artysci\/en\/wp-json\/wp\/v2\/pages\/392\/revisions"}],"predecessor-version":[{"id":2534,"href":"https:\/\/beethoven.org.pl\/artysci\/en\/wp-json\/wp\/v2\/pages\/392\/revisions\/2534"}],"wp:attachment":[{"href":"https:\/\/beethoven.org.pl\/artysci\/en\/wp-json\/wp\/v2\/media?parent=392"}],"wp:term":[{"taxonomy":"category","embeddable":true,"href":"https:\/\/beethoven.org.pl\/artysci\/en\/wp-json\/wp\/v2\/categories?post=392"}],"curies":[{"name":"wp","href":"https:\/\/api.w.org\/{rel}","templated":true}]}}