{"id":293,"date":"2016-09-30T14:38:24","date_gmt":"2016-09-30T12:38:24","guid":{"rendered":"http:\/\/dev.yoho.pl\/beethoven\/artysci\/?page_id=293"},"modified":"2017-03-03T12:41:24","modified_gmt":"2017-03-03T11:41:24","slug":"orkiestra-akademii-beethovenowskiej","status":"publish","type":"page","link":"https:\/\/beethoven.org.pl\/artysci\/en\/orkiestra-akademii-beethovenowskiej\/","title":{"rendered":"Beethoven Academy Orchestra"},"content":{"rendered":"<p>The Beethoven Academy Orchestra is one of Poland\u2019s leading symphony orchestras of the younger generation.<\/p>\n<p><img loading=\"lazy\" decoding=\"async\" class=\"alignnone wp-image-297 size-full\" src=\"http:\/\/beethoven.org.pl\/artysci\/wp-content\/uploads\/sites\/2\/2016\/09\/podpisane_oab_foto_03.jpg\" alt=\"01.04.2015 - ORKIESTRA AKADEMII BEETHOVENOWSKIEJ FOT. BRUNO FIDRYCH +48 600 83 82 82\" width=\"5760\" height=\"3840\" srcset=\"https:\/\/beethoven.org.pl\/artysci\/wp-content\/uploads\/sites\/2\/2016\/09\/podpisane_oab_foto_03.jpg 5760w, https:\/\/beethoven.org.pl\/artysci\/wp-content\/uploads\/sites\/2\/2016\/09\/podpisane_oab_foto_03-300x200.jpg 300w, https:\/\/beethoven.org.pl\/artysci\/wp-content\/uploads\/sites\/2\/2016\/09\/podpisane_oab_foto_03-768x512.jpg 768w, https:\/\/beethoven.org.pl\/artysci\/wp-content\/uploads\/sites\/2\/2016\/09\/podpisane_oab_foto_03-1024x683.jpg 1024w\" sizes=\"auto, (max-width: 5760px) 100vw, 5760px\" \/>It is made up of music aficionados \u2013 the most outstanding students and graduates of European higher musical education institutions: the Academy of Music in Krak\u00f3w, the Hochschule f\u00fcr Musik und Darstellende Kunst in Stuttgart, the Hochschule f\u00fcr Musik in Karlsruhe, the Royal Music Conservatory in Brussels, the Conservatoire International de Musique in Paris, and the Universit\u00e4t f\u00fcr Musik und darstellende Kunst in Graz.<\/p>\n<p>The ensemble commenced its activities in 2003, following the successes at the 53rd Junger K\u00fcnstler Festival in Bayreuth. In 2005, thanks to El\u017cbieta Penderecka, Beethoven Academy Orchestra had their d\u00e9but during the 9th Ludwig van Beethoven Easter Festival in Warsaw, where they won fantastic reviews and obtained invitations to many prestigious festivals in Poland and abroad. In the same year, the ensemble released its first studio recording (DUX label) of Polish music with works by Wieniawski, Penderecki and Bacewicz.<\/p>\n<p>The orchestra has seventeen albums to its credit, recorded for such labels as DUX Poland, Centaur Records USA, Le Foxx Music and Universal Music. The ensemble has also signed a contract with the reputable record company EMI London KPM, for which it regularly records classical and other music. Besides the classical music, the Beethoven Academy Orchestra is equally at home in entertainment and film music classics. It has recorded soundtracks for such giants as Warner Bros and Monolith, collaborated with composers Hans Zimmer, Elliot Goldenthal, Micha\u0142 Lorenc and Jan A. P. Kaczmarek, and recorded the platinum-winning album Siedem Pie\u015bni Marii (Universal Music), which sold more than 300,000 copies.<\/p>\n<p>Since its inception, the orchestra has been under the artistic and organisational care of Marcin Klejdysz, a graduate of the Academy of Music in Krak\u00f3w, where he also completed \u00a0the Culture Management in European Dimension postgraduate studies. Together with El\u017cbieta Penderecka and the Ludwig van Beethoven Association, he has created a modern and non-institutional style of management of a large group of artists, which in combination with collaboration with numerous milieus and regular partnerships has guaranteed the orchestra an intensive and regular concert season for almost twelve years.<\/p>\n<p>The orchestra\u2019s high class is confirmed by cooperation with some of the greatest authorities of the art of conducting, composers and soloists, including Krzysztof Penderecki, Jacek Kaspszyk, Gabriel Chmura, Micha\u0142 Dworzy\u0144ski, Wolfgang Seeliger, \u0141ukasz Borowicz, Cristiano Vasquez, Micha\u0142 Klauza,\u00a0 Piotr Su\u0142kowski, Pawe\u0142 Przytocki, Steven Isserlis, Krzysztof Jab\u0142o\u0144ski, Aleksandra Kurzak, \u0141ukasz D\u0142ugosz, Ma\u0142gorzata Walewska, Aleksander Kobrin, Wibi Soerjadi, Thomas Quasthoff, Konstantin Scherbakov, Ingolf Wunder, Christian Lindberg, Oystein Baadsvik, Kevin Kenner, Bartosz Koziak, So-Ock Kim, Iwona Sobotka and Rafa\u0142 Bartmi\u0144ski.<\/p>\n<p>In 2010 the ensemble appeared again at the Young Euro Classics Festival in Berlin. Thanks to a new initiative \u201cComarch Young Europe Experience 2010\u201d they performed also in prestigious German concert halls such as: Alte Oper Frankfurt, Konzerthaus Dortmund, and Gasteig Munich. In 2009, 2012 and 2013 at the invitation of the Wiener Musikverein, the orchestra performed the series of subscription concerts Musik der Meister in the legendary Musikverein Golden Hall. In 2014, the Beethoven Academy Orchestra made successful appearances at the 18th Ludwig van Beethoven Easter Festival, the 4th Polish Music Festival in Moscow, the Last Night of the Proms in Krak\u00f3w, and the spectacular finale at the 100th anniversary gala of the ASCAP during the Film Music Festival. Thanks to its collaboration with the Adam Mickiewicz Institute, the Beethoven Academy Orchestra continued to work with the Konzertchor Darmstadt, where it has been a resident orchestra since 2011.<\/p>\n<p>The Beethoven Academy Orchestra attaches great weight to educating the youngest music lovers. Thanks to the support of the Ministry of Culture and National Heritage, the Polish Film Institute, and local governments, it has organised several dozen educational concerts as part of the series \u201cBolek and Lolek Symphony\u201d, \u201cChildren\u2019s Melodies\u201d, and \u201cBirds\u2019 Gossip or Things Musical\u201d. At the invitation of the Krak\u00f3w Festival Bureau, the ensemble also inaugurated the opening of Krak\u00f3w Arena with the \u201cPixar in Concert\u201d event for 16,000 young spectators.<\/p>\n<p>Currently, the orchestra gives concerts in Poland and abroad, being also involved in the original project promoting forgotten Polish music (\u201cJeszcze polska muzyka\u201d). This cycle is held under the patronage of the Ma\u0142opolskie Voivodeship, the Ministry of Culture and National Heritage, and local governments.<\/p>\n<p>Since November 2013, at the invitation of the orchestra\u2019s artists, the post of the orchestra\u2019s Principal Conductor has been held by Maestro Jacek Kaspszyk.<\/p>\n<p>&nbsp;<\/p>\n<p><em>Beethoven<\/em><em> Academy<\/em><em> Orchestra is represented by the Ludwig van Beethoven Association.<\/em><\/p>","protected":false},"excerpt":{"rendered":"<p>The Beethoven Academy Orchestra is one of Poland\u2019s leading symphony orchestras of the younger generation. It is made up of music aficionados \u2013 the most outstanding students and graduates of European higher musical education institutions: the Academy of Music in Krak\u00f3w, the Hochschule f\u00fcr Musik und Darstellende Kunst in Stuttgart, the Hochschule f\u00fcr Musik in [&hellip;]<\/p>\n","protected":false},"author":2,"featured_media":0,"parent":0,"menu_order":282,"comment_status":"closed","ping_status":"closed","template":"template-artist.php","meta":{"footnotes":""},"categories":[9],"class_list":["post-293","page","type-page","status-publish","hentry","category-zespoly"],"_links":{"self":[{"href":"https:\/\/beethoven.org.pl\/artysci\/en\/wp-json\/wp\/v2\/pages\/293","targetHints":{"allow":["GET"]}}],"collection":[{"href":"https:\/\/beethoven.org.pl\/artysci\/en\/wp-json\/wp\/v2\/pages"}],"about":[{"href":"https:\/\/beethoven.org.pl\/artysci\/en\/wp-json\/wp\/v2\/types\/page"}],"author":[{"embeddable":true,"href":"https:\/\/beethoven.org.pl\/artysci\/en\/wp-json\/wp\/v2\/users\/2"}],"replies":[{"embeddable":true,"href":"https:\/\/beethoven.org.pl\/artysci\/en\/wp-json\/wp\/v2\/comments?post=293"}],"version-history":[{"count":6,"href":"https:\/\/beethoven.org.pl\/artysci\/en\/wp-json\/wp\/v2\/pages\/293\/revisions"}],"predecessor-version":[{"id":1322,"href":"https:\/\/beethoven.org.pl\/artysci\/en\/wp-json\/wp\/v2\/pages\/293\/revisions\/1322"}],"wp:attachment":[{"href":"https:\/\/beethoven.org.pl\/artysci\/en\/wp-json\/wp\/v2\/media?parent=293"}],"wp:term":[{"taxonomy":"category","embeddable":true,"href":"https:\/\/beethoven.org.pl\/artysci\/en\/wp-json\/wp\/v2\/categories?post=293"}],"curies":[{"name":"wp","href":"https:\/\/api.w.org\/{rel}","templated":true}]}}