{"id":1496,"date":"2017-04-10T15:50:47","date_gmt":"2017-04-10T13:50:47","guid":{"rendered":"http:\/\/beethoven.org.pl\/artysci\/?page_id=1496"},"modified":"2017-04-11T10:53:47","modified_gmt":"2017-04-11T08:53:47","slug":"lukasz-smolka","status":"publish","type":"page","link":"https:\/\/beethoven.org.pl\/artysci\/en\/lukasz-smolka\/","title":{"rendered":"\u0141ukasz Smo\u0142ka"},"content":{"rendered":"<p><strong>\u0141ukasz Smo\u0142ka<\/strong> \u2013 bass, for 25 years connected with the Camerata Silesia \u2013 the Katowice City Singers\u2019 Ensemble, where apart from singing in the ensemble, he also performs solo parts. He has participated in prestigious festivals at home and abroad.<\/p>","protected":false},"excerpt":{"rendered":"<p>\u0141ukasz Smo\u0142ka \u2013 bass, for 25 years connected with the Camerata Silesia \u2013 the Katowice City Singers\u2019 Ensemble, where apart from singing in the ensemble, he also performs solo parts. He has participated in prestigious festivals at home and abroad.<\/p>\n","protected":false},"author":6,"featured_media":0,"parent":0,"menu_order":108,"comment_status":"closed","ping_status":"closed","template":"template-artist.php","meta":{"footnotes":""},"categories":[],"class_list":["post-1496","page","type-page","status-publish","hentry"],"_links":{"self":[{"href":"https:\/\/beethoven.org.pl\/artysci\/en\/wp-json\/wp\/v2\/pages\/1496","targetHints":{"allow":["GET"]}}],"collection":[{"href":"https:\/\/beethoven.org.pl\/artysci\/en\/wp-json\/wp\/v2\/pages"}],"about":[{"href":"https:\/\/beethoven.org.pl\/artysci\/en\/wp-json\/wp\/v2\/types\/page"}],"author":[{"embeddable":true,"href":"https:\/\/beethoven.org.pl\/artysci\/en\/wp-json\/wp\/v2\/users\/6"}],"replies":[{"embeddable":true,"href":"https:\/\/beethoven.org.pl\/artysci\/en\/wp-json\/wp\/v2\/comments?post=1496"}],"version-history":[{"count":1,"href":"https:\/\/beethoven.org.pl\/artysci\/en\/wp-json\/wp\/v2\/pages\/1496\/revisions"}],"predecessor-version":[{"id":1498,"href":"https:\/\/beethoven.org.pl\/artysci\/en\/wp-json\/wp\/v2\/pages\/1496\/revisions\/1498"}],"wp:attachment":[{"href":"https:\/\/beethoven.org.pl\/artysci\/en\/wp-json\/wp\/v2\/media?parent=1496"}],"wp:term":[{"taxonomy":"category","embeddable":true,"href":"https:\/\/beethoven.org.pl\/artysci\/en\/wp-json\/wp\/v2\/categories?post=1496"}],"curies":[{"name":"wp","href":"https:\/\/api.w.org\/{rel}","templated":true}]}}