{"id":1467,"date":"2017-04-10T14:48:30","date_gmt":"2017-04-10T12:48:30","guid":{"rendered":"http:\/\/beethoven.org.pl\/artysci\/?page_id=1467"},"modified":"2017-04-11T10:37:39","modified_gmt":"2017-04-11T08:37:39","slug":"patrycja-piekutowska-2","status":"publish","type":"page","link":"https:\/\/beethoven.org.pl\/artysci\/en\/patrycja-piekutowska-2\/","title":{"rendered":"Patrycja Piekutowska"},"content":{"rendered":"<p><strong>Patrycja Piekutowska<\/strong>, eminent violinist, is this year celebrating the 20th year of her artistic career. She has given over 800 concerts in 36 countries in Europe, Asia, North and South America, and Africa, performing in such prestigious venues as Teatro Col\u00f3n in Buenos Aires, Sala S\u00e3o Paulo and Teatro Gua\u00edra in Brazil, Lincoln Center and Carnegie Hall in New York, the National Centre for the Performing Arts in Beijing, Tianjin Grand Theatre, as well as philharmonic halls in Santiago de Chile, Montevideo, Beijing, Hamburg, Belgrade, and many others. She holds a PhD in musical arts.<\/p>\n<p>Recordings form an important part of the artist\u2019s activities. She has recorded twelve CDs, of which eight are dedicated to 20th-century Polish music. Her recording of Krzysztof Penderecki\u2019s <em>Capriccio<\/em> under the baton of the composer has been honoured with the MIDEM Classical Award as well as prizes in Belgium, Spain, Luxembourg and Italy. In 2014, she celebrated her 15 years on the music market by releasing her tenth album, with sonatas by Brahms and Franck.<\/p>\n<p>In the past twelve years, Piekutowska has performed a recital of Krzysztof Penderecki\u2019s complete works for violin and piano almost 80 times. Her repertoire also includes the solo violin recital \u201cFrom Bach to Penderecki\u201d, mainly promoting Polish contemporary music.<\/p>\n<p>In 2016 she released two new albums \u2013 another recording of <em>Capriccio<\/em> under the composer\u2019s baton with Sinfonia Iuventus\u00a0(as part of the \u201cPenderecki Special Edition\u201d series), and the world premiere of <em>Musica in forma di rosa<\/em>, dedicated to her by Dariusz Przybylski, recorded with the Polish National Radio Symphony Orchestra.<\/p>\n<p>In 2014 Patrycja Piekutowska received the \u201cLeader of the Future\u201d diploma from the Teraz Polska Foundation as well as the Gloria Artis medal from the Minister of Culture and National Heritage.<\/p>\n<p>Piekutowska plays a Paolo Castello violin from 1766.<\/p>","protected":false},"excerpt":{"rendered":"<p>Patrycja Piekutowska, eminent violinist, is this year celebrating the 20th year of her artistic career. She has given over 800 concerts in 36 countries in Europe, Asia, North and South America, and Africa, performing in such prestigious venues as Teatro Col\u00f3n in Buenos Aires, Sala S\u00e3o Paulo and Teatro Gua\u00edra in Brazil, Lincoln Center and [&hellip;]<\/p>\n","protected":false},"author":6,"featured_media":0,"parent":0,"menu_order":118,"comment_status":"closed","ping_status":"closed","template":"template-artist.php","meta":{"footnotes":""},"categories":[],"class_list":["post-1467","page","type-page","status-publish","hentry"],"_links":{"self":[{"href":"https:\/\/beethoven.org.pl\/artysci\/en\/wp-json\/wp\/v2\/pages\/1467","targetHints":{"allow":["GET"]}}],"collection":[{"href":"https:\/\/beethoven.org.pl\/artysci\/en\/wp-json\/wp\/v2\/pages"}],"about":[{"href":"https:\/\/beethoven.org.pl\/artysci\/en\/wp-json\/wp\/v2\/types\/page"}],"author":[{"embeddable":true,"href":"https:\/\/beethoven.org.pl\/artysci\/en\/wp-json\/wp\/v2\/users\/6"}],"replies":[{"embeddable":true,"href":"https:\/\/beethoven.org.pl\/artysci\/en\/wp-json\/wp\/v2\/comments?post=1467"}],"version-history":[{"count":1,"href":"https:\/\/beethoven.org.pl\/artysci\/en\/wp-json\/wp\/v2\/pages\/1467\/revisions"}],"predecessor-version":[{"id":1469,"href":"https:\/\/beethoven.org.pl\/artysci\/en\/wp-json\/wp\/v2\/pages\/1467\/revisions\/1469"}],"wp:attachment":[{"href":"https:\/\/beethoven.org.pl\/artysci\/en\/wp-json\/wp\/v2\/media?parent=1467"}],"wp:term":[{"taxonomy":"category","embeddable":true,"href":"https:\/\/beethoven.org.pl\/artysci\/en\/wp-json\/wp\/v2\/categories?post=1467"}],"curies":[{"name":"wp","href":"https:\/\/api.w.org\/{rel}","templated":true}]}}