{"id":1454,"date":"2017-04-10T13:30:35","date_gmt":"2017-04-10T11:30:35","guid":{"rendered":"http:\/\/beethoven.org.pl\/artysci\/?page_id=1454"},"modified":"2017-04-11T10:37:06","modified_gmt":"2017-04-11T08:37:06","slug":"tamas-palfalvi","status":"publish","type":"page","link":"https:\/\/beethoven.org.pl\/artysci\/en\/tamas-palfalvi\/","title":{"rendered":"Tam\u00e1s P\u00e1lfalvi"},"content":{"rendered":"<p><strong>Tam\u00e1s P\u00e1lfalvi<\/strong> \u201cP\u00e1lfalvi sets new standards for trumpet playing with a breathtaking proficiency that seems almost acrobatic at times. Even more striking are the virtuoso\u2019s groundbreaking programmatic ideas.\u201d \u2013 MDR Figaro, October 2015.<\/p>\n<p>His one-of-a kind technical skills aside, 25-year-old Hungarian Tam\u00e1s P\u00e1lfalvi already stands out as one of the most visionary and innovative trumpet players of today. His enormous virtuosity, stage presence, and extraordinary musical understanding won him first place at the Fanny Mendelssohn F\u00f6rderpreis, a German competition intended to reward not only the performances of young musicians but also their conceptual skills and creativity. Additionally, he has won the WEMAG Soloist Award at Festspiele Mecklenburg-Vorpommern.<\/p>\n<p>As one of the ECHO Rising Stars of 2017\/18 he will be performing in major concert halls across Europe, including the Concertgebouw Amsterdam, the Philharmonie Luxemburg, the Elbphilharmonie Hamburg, the Auditori Barcelona, the Calouste Gulbenkian Foundation in Lisbon, Wigmore Hall in London, and the Konzerthaus in Dortmund.<\/p>\n<p>In the 2016\/17 season he will perform at KKL Lucerne, Switzerland, Al Bustan Festival, Lebanon, the Ludwig van Beethoven Easter Festival in Warsaw, and at the Rheingau Musik Festival in Germany, where he will appear with the Camerata Salzburg.<\/p>\n<p>His debut CD, <em>Agitato<\/em>, accompanied by the Franz Liszt Chamber Orchestra and released by Berlin Classics in September 2015, is further evidence of P\u00e1lfalvi\u2019s versatility. Works by Vivaldi, Telemann, and H\u00e4ndel are effortlessly intertwined with contemporary works by Ligeti, Kagel, and Dubrovay. The CD has met with rave reviews internationally. Among others, Bayerische Rundfunk listed it as CD of the Month and Norddeutsche Rundfunk as CD of the Week.<\/p>","protected":false},"excerpt":{"rendered":"<p>Tam\u00e1s P\u00e1lfalvi \u201cP\u00e1lfalvi sets new standards for trumpet playing with a breathtaking proficiency that seems almost acrobatic at times. Even more striking are the virtuoso\u2019s groundbreaking programmatic ideas.\u201d \u2013 MDR Figaro, October 2015. His one-of-a kind technical skills aside, 25-year-old Hungarian Tam\u00e1s P\u00e1lfalvi already stands out as one of the most visionary and innovative trumpet [&hellip;]<\/p>\n","protected":false},"author":6,"featured_media":0,"parent":0,"menu_order":122,"comment_status":"closed","ping_status":"closed","template":"template-artist.php","meta":{"footnotes":""},"categories":[],"class_list":["post-1454","page","type-page","status-publish","hentry"],"_links":{"self":[{"href":"https:\/\/beethoven.org.pl\/artysci\/en\/wp-json\/wp\/v2\/pages\/1454","targetHints":{"allow":["GET"]}}],"collection":[{"href":"https:\/\/beethoven.org.pl\/artysci\/en\/wp-json\/wp\/v2\/pages"}],"about":[{"href":"https:\/\/beethoven.org.pl\/artysci\/en\/wp-json\/wp\/v2\/types\/page"}],"author":[{"embeddable":true,"href":"https:\/\/beethoven.org.pl\/artysci\/en\/wp-json\/wp\/v2\/users\/6"}],"replies":[{"embeddable":true,"href":"https:\/\/beethoven.org.pl\/artysci\/en\/wp-json\/wp\/v2\/comments?post=1454"}],"version-history":[{"count":1,"href":"https:\/\/beethoven.org.pl\/artysci\/en\/wp-json\/wp\/v2\/pages\/1454\/revisions"}],"predecessor-version":[{"id":1456,"href":"https:\/\/beethoven.org.pl\/artysci\/en\/wp-json\/wp\/v2\/pages\/1454\/revisions\/1456"}],"wp:attachment":[{"href":"https:\/\/beethoven.org.pl\/artysci\/en\/wp-json\/wp\/v2\/media?parent=1454"}],"wp:term":[{"taxonomy":"category","embeddable":true,"href":"https:\/\/beethoven.org.pl\/artysci\/en\/wp-json\/wp\/v2\/categories?post=1454"}],"curies":[{"name":"wp","href":"https:\/\/api.w.org\/{rel}","templated":true}]}}