{"id":1442,"date":"2017-04-10T13:13:42","date_gmt":"2017-04-10T11:13:42","guid":{"rendered":"http:\/\/beethoven.org.pl\/artysci\/?page_id=1442"},"modified":"2017-04-11T10:35:39","modified_gmt":"2017-04-11T08:35:39","slug":"orkiestra-filharmonii-poznanskiej","status":"publish","type":"page","link":"https:\/\/beethoven.org.pl\/artysci\/en\/orkiestra-filharmonii-poznanskiej\/","title":{"rendered":"Pozna\u0144 Philharmonic Orchestra"},"content":{"rendered":"<p><strong>Pozna\u0144 Philharmonic Orchestra<\/strong> is one of the most renowned and esteemed symphony orchestras in Poland. It performs in the most important music centres at home and abroad, and has given concerts in almost all European countries. The orchestra has been invited to a number of important international music festivals, including the Ludwig van Beethoven Easter Festival, Wratislavia Cantans, and the Bergen Festival. Since 1952 it has accompanied the finalists of the International Henryk Wieniawski Violin Competitions in Pozna\u0144, It is also the principal symphony ensemble of the Pozna\u0144 Spring Festival, and often premieres works by contemporary Polish and international composers.<\/p>\n<p>The orchestra has performed with world-renowned conductors including Christopher Hogwood, Andrzej Borejko, Reinhard Goebel, Zden\u011bk M\u00e1cal, Sir Neville Marriner, Paul McCreesh, Stanis\u0142aw Skrowaczewski, and Carlo Zecchi, as well as soloists: Martha Argerich, Piotr Becza\u0142a, Rafa\u0142 Blechacz, Helen Donath, Jean Fournier, Ida Haendel, Philippe Jaroussky, Sumi Jo, Konstanty Andrzej Kulka, Aleksandra Kurzak, Witold Ma\u0142cu\u017cy\u0144ski, Garrick Ohlsson, David and Igor Oistrakh, Gerhrad Oppitz, Ewa Podle\u015b, Maurizio Pollini, Samuel Ramey, Vadim Repin, Sviatoslav Richter, Mstislav Rostropovich, Arthur Rubinstein, Maxim Vengerov, Wanda Wi\u0142komirska, Krystian Zimerman, Nikolaj Znaider, and others.<\/p>\n<p>The Pozna\u0144 Philharmonic Orchestra has made recordings for radio and television, as well as on such labels as Sony Classical, Polmusic, Wichtel Records, Polskie Nagrania, Muza, Largo Records, Dux, CD Accord, and Naxos.<\/p>\n<p>Since the 2007\/2008 artistic season, the director and conductor of the Pozna\u0144 Philharmonic Orchestra (established in 1974) has been Marek Pijarowski, and its principal guest conductor \u0141ukasz Borowicz.<\/p>","protected":false},"excerpt":{"rendered":"<p>Pozna\u0144 Philharmonic Orchestra is one of the most renowned and esteemed symphony orchestras in Poland. It performs in the most important music centres at home and abroad, and has given concerts in almost all European countries. The orchestra has been invited to a number of important international music festivals, including the Ludwig van Beethoven Easter [&hellip;]<\/p>\n","protected":false},"author":6,"featured_media":0,"parent":0,"menu_order":126,"comment_status":"closed","ping_status":"closed","template":"template-artist.php","meta":{"footnotes":""},"categories":[],"class_list":["post-1442","page","type-page","status-publish","hentry"],"_links":{"self":[{"href":"https:\/\/beethoven.org.pl\/artysci\/en\/wp-json\/wp\/v2\/pages\/1442","targetHints":{"allow":["GET"]}}],"collection":[{"href":"https:\/\/beethoven.org.pl\/artysci\/en\/wp-json\/wp\/v2\/pages"}],"about":[{"href":"https:\/\/beethoven.org.pl\/artysci\/en\/wp-json\/wp\/v2\/types\/page"}],"author":[{"embeddable":true,"href":"https:\/\/beethoven.org.pl\/artysci\/en\/wp-json\/wp\/v2\/users\/6"}],"replies":[{"embeddable":true,"href":"https:\/\/beethoven.org.pl\/artysci\/en\/wp-json\/wp\/v2\/comments?post=1442"}],"version-history":[{"count":1,"href":"https:\/\/beethoven.org.pl\/artysci\/en\/wp-json\/wp\/v2\/pages\/1442\/revisions"}],"predecessor-version":[{"id":1444,"href":"https:\/\/beethoven.org.pl\/artysci\/en\/wp-json\/wp\/v2\/pages\/1442\/revisions\/1444"}],"wp:attachment":[{"href":"https:\/\/beethoven.org.pl\/artysci\/en\/wp-json\/wp\/v2\/media?parent=1442"}],"wp:term":[{"taxonomy":"category","embeddable":true,"href":"https:\/\/beethoven.org.pl\/artysci\/en\/wp-json\/wp\/v2\/categories?post=1442"}],"curies":[{"name":"wp","href":"https:\/\/api.w.org\/{rel}","templated":true}]}}